{"id":158,"date":"2026-01-15T11:58:57","date_gmt":"2026-01-15T11:58:57","guid":{"rendered":"https:\/\/ffremodelacoes.pt\/?page_id=158"},"modified":"2026-02-06T17:17:09","modified_gmt":"2026-02-06T17:17:09","slug":"contactos-2","status":"publish","type":"page","link":"https:\/\/ffremodelacoes.pt\/index.php\/contactos-2\/","title":{"rendered":"Contactos"},"content":{"rendered":"\n<div class=\"wp-block-columns alignwide is-layout-flex wp-container-core-columns-is-layout-28f84493 wp-block-columns-is-layout-flex\">\n<div class=\"wp-block-column is-layout-flow wp-block-column-is-layout-flow\">\n<p class=\"has-large-font-size\"><strong>Fale Connosco<\/strong><\/p>\n\n\n\n<p>Estamos prontos para dar vida ao seu projeto de remodela\u00e7\u00e3o. Entre em contacto por qualquer um dos meios abaixo.<\/p>\n\n\n\n<p><strong>Telefone:<\/strong><\/p>\n\n\n\n<p>+351 922 236 583<\/p>\n\n\n\n<p><strong>Deixe-nos o seu feedback!<\/strong><\/p>\n\n\n\n<p><a href=\"mailto:geral@ffremodelacoes.pt\">geral@ffremodelacoes.pt<\/a><\/p>\n\n\n\n<p><strong>Morada:<\/strong><\/p>\n\n\n\n<p>Rua da Espadaneira 4495-116                                    Amorim, P\u00f3voa de Varzim<\/p>\n\n\n\n<p><\/p>\n<\/div>\n\n\n\n<div class=\"wp-block-column is-layout-flow wp-block-column-is-layout-flow\">\n<p class=\"has-large-font-size\"><strong>Hor\u00e1rio de Funcionamento<\/strong><\/p>\n\n\n\n<p><strong>Segunda a Sexta:<\/strong><\/p>\n\n\n\n<p>08h00 \u00e0s 19h00<\/p>\n\n\n\n<p><strong>S\u00e1bado:<\/strong><\/p>\n\n\n\n<p>08h00 \u00e0s 12h00<\/p>\n\n\n\n<hr class=\"wp-block-separator has-alpha-channel-opacity\"\/>\n\n\n\n<p><em>Garantimos uma resposta ao seu pedido de or\u00e7amento no prazo m\u00e1ximo de 48 horas.<\/em><\/p>\n<\/div>\n\n\n\n<div class=\"wp-block-column is-layout-flow wp-block-column-is-layout-flow\">\n<div style=\"\n  border: 1px solid #ddd;\n  border-radius: 12px;\n  box-shadow: 0 6px 20px rgba(0,0,0,0.15);\n  overflow: hidden;\n  max-width: 900px;\n  margin: 40px auto;\n\">\n  <iframe \n    src=\"https:\/\/www.google.com\/maps?q=Rua%20da%20Espadaneira%20Amorim%204495-116%20P%C3%B3voa%20de%20Varzim&#038;output=embed\"\n    width=\"100%\" \n    height=\"400\" \n    style=\"border:0;\" \n    allowfullscreen=\"\" \n    loading=\"lazy\"\n    referrerpolicy=\"no-referrer-when-downgrade\">\n  <\/iframe>\n<\/div>\n<\/div>\n<\/div>\n\n\n\n<div class=\"wp-block-columns is-layout-flex wp-container-core-columns-is-layout-28f84493 wp-block-columns-is-layout-flex\">\n<div class=\"wp-block-column is-layout-flow wp-block-column-is-layout-flow\" style=\"flex-basis:100%\"><\/div>\n<\/div>\n\n\n\n<p><\/p>\n","protected":false},"excerpt":{"rendered":"<p>Fale Connosco Estamos prontos para dar vida ao seu projeto de remodela\u00e7\u00e3o. Entre em contacto por qualquer um dos meios abaixo. Telefone: +351 922 236 583 Deixe-nos o seu feedback! geral@ffremodelacoes.pt Morada: Rua da Espadaneira 4495-116 Amorim, P\u00f3voa de Varzim Hor\u00e1rio de Funcionamento Segunda a Sexta: 08h00 \u00e0s 19h00 S\u00e1bado: 08h00 \u00e0s 12h00 Garantimos uma [&hellip;]<\/p>\n","protected":false},"author":1,"featured_media":0,"parent":0,"menu_order":0,"comment_status":"closed","ping_status":"closed","template":"","meta":{"footnotes":""},"class_list":["post-158","page","type-page","status-publish","hentry"],"_links":{"self":[{"href":"https:\/\/ffremodelacoes.pt\/index.php\/wp-json\/wp\/v2\/pages\/158","targetHints":{"allow":["GET"]}}],"collection":[{"href":"https:\/\/ffremodelacoes.pt\/index.php\/wp-json\/wp\/v2\/pages"}],"about":[{"href":"https:\/\/ffremodelacoes.pt\/index.php\/wp-json\/wp\/v2\/types\/page"}],"author":[{"embeddable":true,"href":"https:\/\/ffremodelacoes.pt\/index.php\/wp-json\/wp\/v2\/users\/1"}],"replies":[{"embeddable":true,"href":"https:\/\/ffremodelacoes.pt\/index.php\/wp-json\/wp\/v2\/comments?post=158"}],"version-history":[{"count":7,"href":"https:\/\/ffremodelacoes.pt\/index.php\/wp-json\/wp\/v2\/pages\/158\/revisions"}],"predecessor-version":[{"id":235,"href":"https:\/\/ffremodelacoes.pt\/index.php\/wp-json\/wp\/v2\/pages\/158\/revisions\/235"}],"wp:attachment":[{"href":"https:\/\/ffremodelacoes.pt\/index.php\/wp-json\/wp\/v2\/media?parent=158"}],"curies":[{"name":"wp","href":"https:\/\/api.w.org\/{rel}","templated":true}]}}