{"id":153,"date":"2026-01-15T11:19:32","date_gmt":"2026-01-15T11:19:32","guid":{"rendered":"https:\/\/ffremodelacoes.pt\/?page_id=153"},"modified":"2026-01-23T14:53:15","modified_gmt":"2026-01-23T14:53:15","slug":"inicio","status":"publish","type":"page","link":"https:\/\/ffremodelacoes.pt\/","title":{"rendered":"Especialistas em Remodela\u00e7\u00f5es Interiores e Exteriores"},"content":{"rendered":"\n<div class=\"wp-block-group has-global-padding is-layout-constrained wp-container-core-group-is-layout-650790e1 wp-block-group-is-layout-constrained\">\n<p class=\"has-text-align-center\">Executamos trabalhos de pladur, capoto e remodela\u00e7\u00f5es gerais,<br>com qualidade, rigor e cumprimento de prazos.<\/p>\n\n\n\n<p class=\"has-text-align-center\"><\/p>\n<\/div>\n\n\n\n<div class=\"wp-block-group alignfull has-global-padding is-layout-constrained wp-container-core-group-is-layout-490fa1db wp-block-group-is-layout-constrained\" style=\"padding-top:var(--wp--preset--spacing--50);padding-right:var(--wp--preset--spacing--50);padding-bottom:var(--wp--preset--spacing--50);padding-left:var(--wp--preset--spacing--50)\">\n<figure class=\"wp-block-image alignwide size-full is-style-rounded is-style-rounded--1\"><img loading=\"lazy\" decoding=\"async\" width=\"1920\" height=\"1440\" src=\"https:\/\/ffremodelacoes.pt\/wp-content\/uploads\/2026\/01\/Finelayer-Tectos-Em-Pladur-Gesso-Cartonado.webp\" alt=\"\" class=\"wp-image-128\" srcset=\"https:\/\/ffremodelacoes.pt\/wp-content\/uploads\/2026\/01\/Finelayer-Tectos-Em-Pladur-Gesso-Cartonado.webp 1920w, https:\/\/ffremodelacoes.pt\/wp-content\/uploads\/2026\/01\/Finelayer-Tectos-Em-Pladur-Gesso-Cartonado-300x225.webp 300w, https:\/\/ffremodelacoes.pt\/wp-content\/uploads\/2026\/01\/Finelayer-Tectos-Em-Pladur-Gesso-Cartonado-1024x768.webp 1024w, https:\/\/ffremodelacoes.pt\/wp-content\/uploads\/2026\/01\/Finelayer-Tectos-Em-Pladur-Gesso-Cartonado-768x576.webp 768w, https:\/\/ffremodelacoes.pt\/wp-content\/uploads\/2026\/01\/Finelayer-Tectos-Em-Pladur-Gesso-Cartonado-1536x1152.webp 1536w\" sizes=\"auto, (max-width: 1920px) 100vw, 1920px\" \/><\/figure>\n<\/div>\n\n\n\n<div class=\"wp-block-group alignfull has-base-2-background-color has-background has-global-padding is-layout-constrained wp-container-core-group-is-layout-669513ed wp-block-group-is-layout-constrained\" style=\"margin-top:0;margin-bottom:0;padding-top:var(--wp--preset--spacing--50);padding-right:var(--wp--preset--spacing--50);padding-bottom:var(--wp--preset--spacing--50);padding-left:var(--wp--preset--spacing--50)\">\n<div class=\"wp-block-group is-vertical is-content-justification-center is-layout-flex wp-container-core-group-is-layout-52b864f0 wp-block-group-is-layout-flex\">\n<h2 class=\"wp-block-heading has-text-align-center is-style-asterisk\">O que fazemos?<\/h2>\n<\/div>\n\n\n\n<div style=\"margin-top:0;margin-bottom:0;height:var(--wp--preset--spacing--40)\" aria-hidden=\"true\" class=\"wp-block-spacer\"><\/div>\n\n\n\n<div class=\"wp-block-columns alignwide is-layout-flex wp-container-core-columns-is-layout-d0bbbce0 wp-block-columns-is-layout-flex\">\n<div class=\"wp-block-column is-layout-flow wp-container-core-column-is-layout-e3d1c41b wp-block-column-is-layout-flow\">\n<h3 class=\"wp-block-heading has-text-align-left is-style-asterisk has-body-font-family has-medium-font-size\" style=\"font-style:normal;font-weight:600\">Interiores em Pladur<\/h3>\n\n\n\n<p class=\"has-text-align-left\">Execu\u00e7\u00e3o de tetos falsos e paredes em pladur com acabamento liso e moderno, ideais para integrar ilumina\u00e7\u00e3o e melhorar o conforto dos espa\u00e7os interiores.<\/p>\n<\/div>\n\n\n\n<div class=\"wp-block-column is-layout-flow wp-container-core-column-is-layout-e3d1c41b wp-block-column-is-layout-flow\">\n<h3 class=\"wp-block-heading has-text-align-left is-style-asterisk has-body-font-family has-medium-font-size\" style=\"font-style:normal;font-weight:600\">Aplica\u00e7\u00e3o de Capoto<\/h3>\n\n\n\n<p class=\"has-text-align-left\">Aplica\u00e7\u00e3o de sistema capoto para isolamento t\u00e9rmico exterior, ajudando a reduzir consumos energ\u00e9ticos e a proteger as fachadas.<\/p>\n<\/div>\n<\/div>\n\n\n\n<div style=\"height:var(--wp--preset--spacing--20)\" aria-hidden=\"true\" class=\"wp-block-spacer\"><\/div>\n\n\n\n<div class=\"wp-block-columns alignwide is-layout-flex wp-container-core-columns-is-layout-d0bbbce0 wp-block-columns-is-layout-flex\">\n<div class=\"wp-block-column is-layout-flow wp-container-core-column-is-layout-e3d1c41b wp-block-column-is-layout-flow\">\n<h3 class=\"wp-block-heading has-text-align-left is-style-asterisk has-body-font-family has-medium-font-size\" style=\"font-style:normal;font-weight:600\">Remodela\u00e7\u00e3o Interior<\/h3>\n\n\n\n<p class=\"has-text-align-left\">Remodela\u00e7\u00f5es completas de interiores, desde pequenas melhorias a obras mais profundas, sempre adaptadas \u00e0s necessidades do cliente.<\/p>\n<\/div>\n\n\n\n<div class=\"wp-block-column is-layout-flow wp-container-core-column-is-layout-e3d1c41b wp-block-column-is-layout-flow\">\n<h3 class=\"wp-block-heading has-text-align-left is-style-asterisk has-body-font-family has-medium-font-size\" style=\"font-style:normal;font-weight:600\">Remodela\u00e7\u00e3o Exterior<\/h3>\n\n\n\n<p class=\"has-text-align-left\">Reabilita\u00e7\u00e3o e renova\u00e7\u00e3o de exteriores, fachadas e outros elementos, valorizando o im\u00f3vel e aumentando a sua durabilidade.<\/p>\n<\/div>\n<\/div>\n<\/div>\n\n\n\n<div class=\"wp-block-group alignfull has-base-color has-contrast-background-color has-text-color has-background has-global-padding is-layout-constrained wp-container-core-group-is-layout-ef3d885c wp-block-group-is-layout-constrained\" style=\"margin-top:0;margin-bottom:0;padding-top:var(--wp--preset--spacing--60);padding-right:var(--wp--preset--spacing--60);padding-bottom:var(--wp--preset--spacing--60);padding-left:var(--wp--preset--spacing--60)\">\n<div class=\"wp-block-group has-global-padding is-layout-constrained wp-block-group-is-layout-constrained\">\n<p class=\"has-text-align-center has-base-color has-text-color has-heading-font-family has-x-large-font-size\" style=\"line-height:1.2\">\u00ab<em>Trabalhamos com materiais de qualidade e solu\u00e7\u00f5es \u00e0 medida de cada projecto, garantindo resultados duradouros e funcionais.<\/em>\u00bb<\/p>\n\n\n\n<div style=\"height:var(--wp--preset--spacing--10)\" aria-hidden=\"true\" class=\"wp-block-spacer\"><\/div>\n<\/div>\n\n\n\n<div class=\"wp-block-group is-vertical is-content-justification-center is-nowrap is-layout-flex wp-container-core-group-is-layout-2dc08cea wp-block-group-is-layout-flex\">\n<p class=\"has-text-align-center\" style=\"margin-top:var(--wp--preset--spacing--10);margin-bottom:0\">Fernando Ferreira<\/p>\n\n\n\n<p class=\"has-text-align-center has-contrast-3-color has-text-color has-small-font-size\" style=\"font-style:normal;font-weight:300\">Fundador, FFRemodela\u00e7\u00f5es.<\/p>\n<\/div>\n<\/div>\n\n\n\n<div class=\"wp-block-group alignfull has-global-padding is-layout-constrained wp-container-core-group-is-layout-d89aad35 wp-block-group-is-layout-constrained\" style=\"margin-top:0;margin-bottom:0;padding-top:var(--wp--preset--spacing--50);padding-right:var(--wp--preset--spacing--50);padding-bottom:var(--wp--preset--spacing--50);padding-left:var(--wp--preset--spacing--50)\">\n<div class=\"wp-block-group alignwide has-base-2-background-color has-background has-global-padding is-layout-constrained wp-container-core-group-is-layout-39412042 wp-block-group-is-layout-constrained\" style=\"border-radius:16px;padding-top:var(--wp--preset--spacing--40);padding-right:var(--wp--preset--spacing--50);padding-bottom:var(--wp--preset--spacing--40);padding-left:var(--wp--preset--spacing--50)\">\n<div style=\"height:var(--wp--preset--spacing--10)\" aria-hidden=\"true\" class=\"wp-block-spacer\"><\/div>\n\n\n\n<h2 class=\"wp-block-heading has-text-align-center has-x-large-font-size\">Pe\u00e7a j\u00e1 o seu or\u00e7amento!<\/h2>\n\n\n\n<p class=\"has-text-align-center\">Garantimos uma resposta em 48 horas.<\/p>\n\n\n\n<div class=\"wp-block-buttons is-content-justification-center is-layout-flex wp-container-core-buttons-is-layout-a89b3969 wp-block-buttons-is-layout-flex\">\n<div class=\"wp-block-button\"><a class=\"wp-block-button__link wp-element-button\" href=\"https:\/\/ffremodelacoes.pt\/index.php\/pedido-de-orcamento\/\">Pedir Or\u00e7amento Gr\u00e1tis<\/a><\/div>\n<\/div>\n\n\n\n<div style=\"height:var(--wp--preset--spacing--10)\" aria-hidden=\"true\" class=\"wp-block-spacer\"><\/div>\n<\/div>\n<\/div>\n","protected":false},"excerpt":{"rendered":"<p>Executamos trabalhos de pladur, capoto e remodela\u00e7\u00f5es gerais,com qualidade, rigor e cumprimento de prazos. O que fazemos? Interiores em Pladur Execu\u00e7\u00e3o de tetos falsos e paredes em pladur com acabamento liso e moderno, ideais para integrar ilumina\u00e7\u00e3o e melhorar o conforto dos espa\u00e7os interiores. Aplica\u00e7\u00e3o de Capoto Aplica\u00e7\u00e3o de sistema capoto para isolamento t\u00e9rmico exterior, [&hellip;]<\/p>\n","protected":false},"author":1,"featured_media":0,"parent":0,"menu_order":0,"comment_status":"closed","ping_status":"closed","template":"","meta":{"footnotes":""},"class_list":["post-153","page","type-page","status-publish","hentry"],"_links":{"self":[{"href":"https:\/\/ffremodelacoes.pt\/index.php\/wp-json\/wp\/v2\/pages\/153","targetHints":{"allow":["GET"]}}],"collection":[{"href":"https:\/\/ffremodelacoes.pt\/index.php\/wp-json\/wp\/v2\/pages"}],"about":[{"href":"https:\/\/ffremodelacoes.pt\/index.php\/wp-json\/wp\/v2\/types\/page"}],"author":[{"embeddable":true,"href":"https:\/\/ffremodelacoes.pt\/index.php\/wp-json\/wp\/v2\/users\/1"}],"replies":[{"embeddable":true,"href":"https:\/\/ffremodelacoes.pt\/index.php\/wp-json\/wp\/v2\/comments?post=153"}],"version-history":[{"count":8,"href":"https:\/\/ffremodelacoes.pt\/index.php\/wp-json\/wp\/v2\/pages\/153\/revisions"}],"predecessor-version":[{"id":195,"href":"https:\/\/ffremodelacoes.pt\/index.php\/wp-json\/wp\/v2\/pages\/153\/revisions\/195"}],"wp:attachment":[{"href":"https:\/\/ffremodelacoes.pt\/index.php\/wp-json\/wp\/v2\/media?parent=153"}],"curies":[{"name":"wp","href":"https:\/\/api.w.org\/{rel}","templated":true}]}}